{"id":177,"date":"2019-05-27T22:14:23","date_gmt":"2019-05-27T21:14:23","guid":{"rendered":"http:\/\/wetter.cuprum.de\/?page_id=177"},"modified":"2020-10-11T13:18:26","modified_gmt":"2020-10-11T12:18:26","slug":"offene-punkte","status":"publish","type":"page","link":"http:\/\/wetter.cuprum.de\/?page_id=177","title":{"rendered":"MINA"},"content":{"rendered":"\n<p><strong>M<\/strong>uss <strong>I<\/strong>ch <strong>N<\/strong>och <strong>A<\/strong>npassen<\/p>\n\n\n\n<ul><li>Der neue BME280 funktioniert.<\/li><li>Die Temperaturdaten waren beim alten BME systematisch zu hoch. Muss ich bei dem neuen Sensor beobachten und ggf. korrigieren. (In den Daten ist ein senkrechter Temperaturanstieg zu sehen, als ich die Schaltung im Haus in Betrieb genommen habe).<\/li><li>Skalierung der y-Achsen der Diagramme anpassen. Datum statt Zahlen. Damit habe ich mich noch nicht besch\u00e4ftigt.<\/li><li>Monats\/Jahresdaten f\u00fcllen sich nun erst  wieder  im laufenden Betrieb<\/li><li> ESP OTA (Update via WLAN), prinzipiell m\u00f6glich, nicht getestet, nicht aktiviert<\/li><li>Betrieb mit Akkus? Deep-sleep. 5- oder 10-Min-Datenintervall w\u00e4re ausreichend. Nein, Steckdose ist in der N\u00e4he, WLAN zieht zuviel Strom<\/li><li>1h-Daten werden momentan einzeln in Monats\/1-Jahres\/Gesamtliste einzeln \u00fcbertragen => extra php-Skript, das dies b\u00fcndelt? Nein, l\u00e4uft so einwandfrei<\/li><li>Neues Hintergrundbild nach Jahreszeit<\/li><\/ul>\n\n\n\n<p><\/p>\n","protected":false},"excerpt":{"rendered":"<p>Muss Ich Noch Anpassen Der neue BME280 funktioniert. Die Temperaturdaten waren beim alten BME systematisch zu hoch. Muss ich bei dem neuen Sensor beobachten und ggf. korrigieren. (In den Daten ist ein senkrechter Temperaturanstieg zu sehen, als ich die Schaltung im Haus in Betrieb genommen habe). Skalierung der y-Achsen der Diagramme anpassen. Datum statt Zahlen. &hellip; <\/p>\n<p class=\"link-more\"><a href=\"http:\/\/wetter.cuprum.de\/?page_id=177\" class=\"more-link\"><span class=\"screen-reader-text\">\u201eMINA\u201c<\/span> weiterlesen<\/a><\/p>\n","protected":false},"author":1,"featured_media":0,"parent":0,"menu_order":0,"comment_status":"closed","ping_status":"closed","template":"","meta":[],"_links":{"self":[{"href":"http:\/\/wetter.cuprum.de\/index.php?rest_route=\/wp\/v2\/pages\/177"}],"collection":[{"href":"http:\/\/wetter.cuprum.de\/index.php?rest_route=\/wp\/v2\/pages"}],"about":[{"href":"http:\/\/wetter.cuprum.de\/index.php?rest_route=\/wp\/v2\/types\/page"}],"author":[{"embeddable":true,"href":"http:\/\/wetter.cuprum.de\/index.php?rest_route=\/wp\/v2\/users\/1"}],"replies":[{"embeddable":true,"href":"http:\/\/wetter.cuprum.de\/index.php?rest_route=%2Fwp%2Fv2%2Fcomments&post=177"}],"version-history":[{"count":28,"href":"http:\/\/wetter.cuprum.de\/index.php?rest_route=\/wp\/v2\/pages\/177\/revisions"}],"predecessor-version":[{"id":268,"href":"http:\/\/wetter.cuprum.de\/index.php?rest_route=\/wp\/v2\/pages\/177\/revisions\/268"}],"wp:attachment":[{"href":"http:\/\/wetter.cuprum.de\/index.php?rest_route=%2Fwp%2Fv2%2Fmedia&parent=177"}],"curies":[{"name":"wp","href":"https:\/\/api.w.org\/{rel}","templated":true}]}}